{"id":94,"date":"2018-08-09T02:16:18","date_gmt":"2018-08-09T00:16:18","guid":{"rendered":"http:\/\/croque-lena.com\/?page_id=94"},"modified":"2018-10-24T17:06:02","modified_gmt":"2018-10-24T15:06:02","slug":"latelier-gouter","status":"publish","type":"page","link":"https:\/\/croque-lena.com\/index.php\/latelier-gouter\/","title":{"rendered":"L&rsquo;atelier go\u00fbter"},"content":{"rendered":"<p><strong>Pendant 2 heures, je prends en charge tout une bande (jusqu\u2019\u00e0 10) afin de leur proposer une initiation ludique \u00e0 la p\u00e2tisserie. <\/strong><\/p>\n<h2><strong>Au menu :<\/strong><\/h2>\n<p>Pr\u00e9paration du futur festin avec d\u00e9cor de g\u00e2teaux (avec des bonbons, du chocolat\u2026), d\u00e9coupes de sabl\u00e9s avec des emporte-pi\u00e8ces de diff\u00e9rentes formes, fruits d\u00e9guis\u00e9s au chocolat, brochettes de bonbons, cocktails color\u00e9s et p\u00e9tillants (ou pas), milk-shakes, d\u00e9cors de verres en sucre color\u00e9s.<\/p>\n<p>Ne vous pr\u00e9occupez pas des courses ! J\u2019arrive les bras charg\u00e9s !<\/p>\n<p>De 7 \u00e0 10 ans 18 \u20ac par enfant<br \/>\nA partir de 11 ans 20\u20ac par enfant<br \/>\nPossibilit\u00e9 de mini-buffet sal\u00e9 pour les plus grands.<\/p>\n<p>La formule comprend : les boissons, la mati\u00e8re premi\u00e8re n\u00e9cessaire pour le go\u00fbter (un grand g\u00e2teau et deux vari\u00e9t\u00e9s de petites bouch\u00e9es), des sucreries et un kit de vaisselle jetable color\u00e9.<\/p>\n<p>&nbsp;<\/p>\n","protected":false},"excerpt":{"rendered":"<p>Pendant 2 heures, je prends en charge tout une bande (jusqu\u2019\u00e0 10) afin de leur proposer une initiation ludique \u00e0 la p\u00e2tisserie. Au menu : Pr\u00e9paration du futur festin avec d\u00e9cor de g\u00e2teaux (avec des bonbons, du chocolat\u2026), d\u00e9coupes de sabl\u00e9s avec des emporte-pi\u00e8ces de diff\u00e9rentes formes, fruits d\u00e9guis\u00e9s au chocolat, brochettes de bonbons, cocktails &hellip; <\/p>\n<p class=\"link-more\"><a href=\"https:\/\/croque-lena.com\/index.php\/latelier-gouter\/\" class=\"more-link\">Read More<span class=\"screen-reader-text\"> \u00ab\u00a0L&rsquo;atelier go\u00fbter\u00a0\u00bb<\/span><\/a><\/p>\n","protected":false},"author":1,"featured_media":0,"parent":0,"menu_order":0,"comment_status":"closed","ping_status":"closed","template":"","meta":[],"_links":{"self":[{"href":"https:\/\/croque-lena.com\/index.php\/wp-json\/wp\/v2\/pages\/94"}],"collection":[{"href":"https:\/\/croque-lena.com\/index.php\/wp-json\/wp\/v2\/pages"}],"about":[{"href":"https:\/\/croque-lena.com\/index.php\/wp-json\/wp\/v2\/types\/page"}],"author":[{"embeddable":true,"href":"https:\/\/croque-lena.com\/index.php\/wp-json\/wp\/v2\/users\/1"}],"replies":[{"embeddable":true,"href":"https:\/\/croque-lena.com\/index.php\/wp-json\/wp\/v2\/comments?post=94"}],"version-history":[{"count":11,"href":"https:\/\/croque-lena.com\/index.php\/wp-json\/wp\/v2\/pages\/94\/revisions"}],"predecessor-version":[{"id":395,"href":"https:\/\/croque-lena.com\/index.php\/wp-json\/wp\/v2\/pages\/94\/revisions\/395"}],"wp:attachment":[{"href":"https:\/\/croque-lena.com\/index.php\/wp-json\/wp\/v2\/media?parent=94"}],"curies":[{"name":"wp","href":"https:\/\/api.w.org\/{rel}","templated":true}]}}