{"id":90,"date":"2018-08-09T02:13:39","date_gmt":"2018-08-09T00:13:39","guid":{"rendered":"http:\/\/croque-lena.com\/?page_id=90"},"modified":"2019-06-12T17:53:24","modified_gmt":"2019-06-12T15:53:24","slug":"panier-pique-nique","status":"publish","type":"page","link":"https:\/\/croque-lena.com\/index.php\/panier-pique-nique\/","title":{"rendered":"Panier pique-nique"},"content":{"rendered":"<p><strong>\u00e0 partir de 18 \u20ac<\/strong><\/p>\n<p>Au choix :<\/p>\n<p>Tarte ou cake sal\u00e9<\/p>\n<p>Une salade de crudit\u00e9s<\/p>\n<p>Houmous ou caviar d&rsquo;aubergines ou cr\u00e8me de betterave et sabl\u00e9 au thym<\/p>\n<p>Pain<\/p>\n<p>Assortiment de mignardises : cannel\u00e9s, financiers, madeleines \u00e0 la pistache<\/p>\n","protected":false},"excerpt":{"rendered":"<p>\u00e0 partir de 18 \u20ac Au choix : Tarte ou cake sal\u00e9 Une salade de crudit\u00e9s Houmous ou caviar d&rsquo;aubergines ou cr\u00e8me de betterave et sabl\u00e9 au thym Pain Assortiment de mignardises : cannel\u00e9s, financiers, madeleines \u00e0 la pistache<\/p>\n","protected":false},"author":1,"featured_media":0,"parent":0,"menu_order":0,"comment_status":"closed","ping_status":"closed","template":"","meta":[],"_links":{"self":[{"href":"https:\/\/croque-lena.com\/index.php\/wp-json\/wp\/v2\/pages\/90"}],"collection":[{"href":"https:\/\/croque-lena.com\/index.php\/wp-json\/wp\/v2\/pages"}],"about":[{"href":"https:\/\/croque-lena.com\/index.php\/wp-json\/wp\/v2\/types\/page"}],"author":[{"embeddable":true,"href":"https:\/\/croque-lena.com\/index.php\/wp-json\/wp\/v2\/users\/1"}],"replies":[{"embeddable":true,"href":"https:\/\/croque-lena.com\/index.php\/wp-json\/wp\/v2\/comments?post=90"}],"version-history":[{"count":9,"href":"https:\/\/croque-lena.com\/index.php\/wp-json\/wp\/v2\/pages\/90\/revisions"}],"predecessor-version":[{"id":416,"href":"https:\/\/croque-lena.com\/index.php\/wp-json\/wp\/v2\/pages\/90\/revisions\/416"}],"wp:attachment":[{"href":"https:\/\/croque-lena.com\/index.php\/wp-json\/wp\/v2\/media?parent=90"}],"curies":[{"name":"wp","href":"https:\/\/api.w.org\/{rel}","templated":true}]}}