{"id":9,"date":"2018-08-09T01:24:59","date_gmt":"2018-08-08T23:24:59","guid":{"rendered":"http:\/\/croque-lena.com\/?page_id=9"},"modified":"2019-06-10T22:32:39","modified_gmt":"2019-06-10T20:32:39","slug":"privacy-policy","status":"publish","type":"page","link":"https:\/\/croque-lena.com\/index.php\/privacy-policy\/","title":{"rendered":"Cgv"},"content":{"rendered":"<p><strong>Conditions g\u00e9n\u00e9rales de vente<\/strong><\/p>\n<p>Le fait de passer commande implique l&rsquo;adh\u00e9sion enti\u00e8re et sans r\u00e9serve \u00e0 ces pr\u00e9sentes conditions g\u00e9n\u00e9rales de vente.<br \/>\nLes devis, sur simple demande, sont totalement gratuits.<br \/>\nService du lundi au dimanche.<br \/>\nLa formule comprend la mati\u00e8re premi\u00e8re, la cuisine, la mise en place et la vaisselle de pr\u00e9sentation.<br \/>\nBoisson en suppl\u00e9ment.<br \/>\nLocation de mobilier et de vaisselle.<\/p>\n<p>Paiement esp\u00e8ces ou ch\u00e8que.<br \/>\nPour un service de qualit\u00e9, il est pr\u00e9f\u00e9rable de r\u00e9server au moins une semaine \u00e0 l\u2019avance.<br \/>\nIl vous sera demand\u00e9 un acompte de 50% \u00e0 la prise de commande, le solde \u00e0 la fin de la prestation.<br \/>\nEn cas, d\u2019annulation, vous pouvez \u00e9ventuellement reportez l\u2019\u00e9v\u00e9nement \u00e0 une date ult\u00e9rieure. Si votre annulation est d\u00e9finitive, l&rsquo;acompte sera encaiss\u00e9. Toute annulation d&rsquo;une commande \u00e0 mois de cinq jours de la prestation est due dans son int\u00e9gralit\u00e9.<\/p>\n<p>La perte ou la casse de mat\u00e9riel constat\u00e9e \u00e0 l&rsquo;issue de la prestation est factur\u00e9 au co\u00fbt de remplacement.<\/p>\n<p><strong>Croque Lena Traiteur<\/strong><\/p>\n","protected":false},"excerpt":{"rendered":"<p>Conditions g\u00e9n\u00e9rales de vente Le fait de passer commande implique l&rsquo;adh\u00e9sion enti\u00e8re et sans r\u00e9serve \u00e0 ces pr\u00e9sentes conditions g\u00e9n\u00e9rales de vente. Les devis, sur simple demande, sont totalement gratuits. Service du lundi au dimanche. La formule comprend la mati\u00e8re premi\u00e8re, la cuisine, la mise en place et la vaisselle de pr\u00e9sentation. Boisson en suppl\u00e9ment. &hellip; <\/p>\n<p class=\"link-more\"><a href=\"https:\/\/croque-lena.com\/index.php\/privacy-policy\/\" class=\"more-link\">Read More<span class=\"screen-reader-text\"> \u00ab\u00a0Cgv\u00a0\u00bb<\/span><\/a><\/p>\n","protected":false},"author":1,"featured_media":0,"parent":0,"menu_order":0,"comment_status":"closed","ping_status":"closed","template":"","meta":[],"_links":{"self":[{"href":"https:\/\/croque-lena.com\/index.php\/wp-json\/wp\/v2\/pages\/9"}],"collection":[{"href":"https:\/\/croque-lena.com\/index.php\/wp-json\/wp\/v2\/pages"}],"about":[{"href":"https:\/\/croque-lena.com\/index.php\/wp-json\/wp\/v2\/types\/page"}],"author":[{"embeddable":true,"href":"https:\/\/croque-lena.com\/index.php\/wp-json\/wp\/v2\/users\/1"}],"replies":[{"embeddable":true,"href":"https:\/\/croque-lena.com\/index.php\/wp-json\/wp\/v2\/comments?post=9"}],"version-history":[{"count":8,"href":"https:\/\/croque-lena.com\/index.php\/wp-json\/wp\/v2\/pages\/9\/revisions"}],"predecessor-version":[{"id":412,"href":"https:\/\/croque-lena.com\/index.php\/wp-json\/wp\/v2\/pages\/9\/revisions\/412"}],"wp:attachment":[{"href":"https:\/\/croque-lena.com\/index.php\/wp-json\/wp\/v2\/media?parent=9"}],"curies":[{"name":"wp","href":"https:\/\/api.w.org\/{rel}","templated":true}]}}