{"id":86,"date":"2018-08-09T02:11:44","date_gmt":"2018-08-09T00:11:44","guid":{"rendered":"http:\/\/croque-lena.com\/?page_id=86"},"modified":"2018-09-13T14:53:27","modified_gmt":"2018-09-13T12:53:27","slug":"brunch","status":"publish","type":"page","link":"https:\/\/croque-lena.com\/index.php\/brunch\/","title":{"rendered":"Brunch"},"content":{"rendered":"<p><strong><img decoding=\"async\" loading=\"lazy\" class=\" wp-image-20 alignleft\" src=\"http:\/\/croque-lena.com\/wp-content\/uploads\/2018\/08\/cuisine-domicile-repas-traiteur-bordeaux-mini-cakes-300x200.jpg\" alt=\"\" width=\"470\" height=\"313\" srcset=\"https:\/\/croque-lena.com\/wp-content\/uploads\/2018\/08\/cuisine-domicile-repas-traiteur-bordeaux-mini-cakes-300x200.jpg 300w, https:\/\/croque-lena.com\/wp-content\/uploads\/2018\/08\/cuisine-domicile-repas-traiteur-bordeaux-mini-cakes-768x511.jpg 768w, https:\/\/croque-lena.com\/wp-content\/uploads\/2018\/08\/cuisine-domicile-repas-traiteur-bordeaux-mini-cakes.jpg 900w\" sizes=\"(max-width: 470px) 100vw, 470px\" \/><\/strong><strong>\u00e0 partir de 22,50 \u20ac<\/strong><br \/>\nOeufs brouill\u00e9s \u00e0 la ciboulette et \u00e0 la cr\u00e8me<\/p>\n<p>Muffin anglais (bacon et fromage )<\/p>\n<p>ou<\/p>\n<p>Une part de cake sal\u00e9 au choix<\/p>\n<p>Saumon fum\u00e9 et blinis maison<\/p>\n<p>ou<\/p>\n<p>Assiette de charcuterie<\/p>\n<p>Quelques crudit\u00e9s&#8230;<\/p>\n<p>Fruits frais de saison ou salade de fruits<\/p>\n<p>Mini-p\u00e2tisseries (au choix: cannel\u00e9s, madeleines, financiers, moelleux aux pommes ou mini muffins aux p\u00e9pites de chocolat)<\/p>\n<p>Boissons chaudes (caf\u00e9, th\u00e9, chocolat) et froides (diff\u00e9rents jus de fruits)<\/p>\n","protected":false},"excerpt":{"rendered":"<p>\u00e0 partir de 22,50 \u20ac Oeufs brouill\u00e9s \u00e0 la ciboulette et \u00e0 la cr\u00e8me Muffin anglais (bacon et fromage ) ou Une part de cake sal\u00e9 au choix Saumon fum\u00e9 et blinis maison ou Assiette de charcuterie Quelques crudit\u00e9s&#8230; Fruits frais de saison ou salade de fruits Mini-p\u00e2tisseries (au choix: cannel\u00e9s, madeleines, financiers, moelleux aux &hellip; <\/p>\n<p class=\"link-more\"><a href=\"https:\/\/croque-lena.com\/index.php\/brunch\/\" class=\"more-link\">Read More<span class=\"screen-reader-text\"> \u00ab\u00a0Brunch\u00a0\u00bb<\/span><\/a><\/p>\n","protected":false},"author":1,"featured_media":0,"parent":0,"menu_order":0,"comment_status":"closed","ping_status":"closed","template":"","meta":[],"_links":{"self":[{"href":"https:\/\/croque-lena.com\/index.php\/wp-json\/wp\/v2\/pages\/86"}],"collection":[{"href":"https:\/\/croque-lena.com\/index.php\/wp-json\/wp\/v2\/pages"}],"about":[{"href":"https:\/\/croque-lena.com\/index.php\/wp-json\/wp\/v2\/types\/page"}],"author":[{"embeddable":true,"href":"https:\/\/croque-lena.com\/index.php\/wp-json\/wp\/v2\/users\/1"}],"replies":[{"embeddable":true,"href":"https:\/\/croque-lena.com\/index.php\/wp-json\/wp\/v2\/comments?post=86"}],"version-history":[{"count":16,"href":"https:\/\/croque-lena.com\/index.php\/wp-json\/wp\/v2\/pages\/86\/revisions"}],"predecessor-version":[{"id":365,"href":"https:\/\/croque-lena.com\/index.php\/wp-json\/wp\/v2\/pages\/86\/revisions\/365"}],"wp:attachment":[{"href":"https:\/\/croque-lena.com\/index.php\/wp-json\/wp\/v2\/media?parent=86"}],"curies":[{"name":"wp","href":"https:\/\/api.w.org\/{rel}","templated":true}]}}