{"id":83,"date":"2018-08-09T02:10:24","date_gmt":"2018-08-09T00:10:24","guid":{"rendered":"http:\/\/croque-lena.com\/?page_id=83"},"modified":"2020-01-15T18:33:12","modified_gmt":"2020-01-15T17:33:12","slug":"repas","status":"publish","type":"page","link":"https:\/\/croque-lena.com\/index.php\/repas\/","title":{"rendered":"Repas"},"content":{"rendered":"<h1><strong><img decoding=\"async\" loading=\"lazy\" class=\" wp-image-235 alignleft\" src=\"http:\/\/croque-lena.com\/wp-content\/uploads\/2018\/09\/293210_274856549200824_1540962133_n-300x200.jpg\" alt=\"\" width=\"309\" height=\"206\" srcset=\"https:\/\/croque-lena.com\/wp-content\/uploads\/2018\/09\/293210_274856549200824_1540962133_n-300x200.jpg 300w, https:\/\/croque-lena.com\/wp-content\/uploads\/2018\/09\/293210_274856549200824_1540962133_n-768x512.jpg 768w, https:\/\/croque-lena.com\/wp-content\/uploads\/2018\/09\/293210_274856549200824_1540962133_n.jpg 960w\" sizes=\"(max-width: 309px) 100vw, 309px\" \/><\/strong><strong>Entr\u00e9es<\/strong><\/h1>\n<p>Coleslaw<br \/>\nSalade de choux blanc, pommes et chorizo<br \/>\nSalade de figues fra\u00eeches (en saison)<br \/>\nSalades de p\u00e2tes diverses et vari\u00e9es<br \/>\nSalade de poulet marin\u00e9 au curry et aux tomates<br \/>\nSoupes selon l\u2019humeur et vos go\u00fbts<br \/>\nTaboul\u00e9 aux l\u00e9gumes grill\u00e9es et \u00e0 la feta<br \/>\nTerrine de campagne maison<br \/>\nTerrine de courgettes au ch\u00e8vre frais<br \/>\nTomate farcie au fromage frais et aux herbes (froid ou chaud)<\/p>\n<h1><strong>Poissons<\/strong><\/h1>\n<p>Cari de crevettes (plat r\u00e9unionnais)<br \/>\nCassolette de noix de Saint-Jacques, aux crevettes, saumon fum\u00e9 et \u00e9pices<br \/>\nCrevettes Korma (lait de coco et curry)<br \/>\nDorade en cro\u00fbte de sel<br \/>\nMarmite de poisson au curry et lait de coco<br \/>\nPapillote de loup aux petits l\u00e9gumes<br \/>\nPapillote de saumon, \u00e9pinards et tomates<br \/>\nSaumon en cro\u00fbte \u00e0 la ricotta et aux herbes<\/p>\n<h1><strong>Viandes<\/strong><\/h1>\n<p>Aiguillettes de canard, sauce aux champignons<br \/>\nBlanquette de veau<br \/>\nB\u0153uf bourguignon<br \/>\nBoulettes de Picoulat (b\u0153uf et porc dans une sauce \u00e0 la tomate, aux champignons et aux olives)<br \/>\nCari de saucisses ou de poulet (plat r\u00e9unionnais)<br \/>\nFilet mignon farci, sauce aux champignons<br \/>\nJoues de porc au cidre<br \/>\nMassal\u00e9 de cabri ( plat r\u00e9unionnais)<br \/>\nPapillote de poulet au jambon et aux champignons<br \/>\nPoulet basquaise<br \/>\nPoulet Korma (lait de coco et curry)<br \/>\nSouris d\u2019agneau aux herbes<br \/>\nTrio de farcis : tomates, poivrons et champignons<\/p>\n<h1><strong>Accompagnements<\/strong><\/h1>\n<p>Flan de brocolis<br \/>\nFlan de carottes<br \/>\nFlan de courgettes<br \/>\nGratin dauphinois<br \/>\nGratin de blettes au roquefort<br \/>\nGratin de choux-fleurs et brocolis<br \/>\nLasagnes carottes et champignons<br \/>\nLasagnes ch\u00e8vre et \u00e9pinards<br \/>\nPolenta au gorgonzola<br \/>\nPommes dauphine maison<br \/>\nPur\u00e9e de patate douce<br \/>\nRatatouille<br \/>\nTian de l\u00e9gumes<br \/>\nTimbale de poireaux \u00e0 la cr\u00e8me au saumon fum\u00e9<\/p>\n<p>&nbsp;<\/p>\n<h1><strong>Plats complets<\/strong><\/h1>\n<p>Hachis Parmentier de canard aux patates douces<br \/>\nLasagnes aux l\u00e9gumes grill\u00e9s et au gorgonzola<br \/>\nLasagnes poulet, \u00e9pinards et ricotta<br \/>\nPot-au-feu de b\u0153uf ou de porc<\/p>\n<h4><strong>\u00a0<\/strong><\/h4>\n","protected":false},"excerpt":{"rendered":"<p>Entr\u00e9es Coleslaw Salade de choux blanc, pommes et chorizo Salade de figues fra\u00eeches (en saison) Salades de p\u00e2tes diverses et vari\u00e9es Salade de poulet marin\u00e9 au curry et aux tomates Soupes selon l\u2019humeur et vos go\u00fbts Taboul\u00e9 aux l\u00e9gumes grill\u00e9es et \u00e0 la feta Terrine de campagne maison Terrine de courgettes au ch\u00e8vre frais Tomate &hellip; <\/p>\n<p class=\"link-more\"><a href=\"https:\/\/croque-lena.com\/index.php\/repas\/\" class=\"more-link\">Read More<span class=\"screen-reader-text\"> \u00ab\u00a0Repas\u00a0\u00bb<\/span><\/a><\/p>\n","protected":false},"author":1,"featured_media":0,"parent":0,"menu_order":0,"comment_status":"closed","ping_status":"closed","template":"","meta":[],"_links":{"self":[{"href":"https:\/\/croque-lena.com\/index.php\/wp-json\/wp\/v2\/pages\/83"}],"collection":[{"href":"https:\/\/croque-lena.com\/index.php\/wp-json\/wp\/v2\/pages"}],"about":[{"href":"https:\/\/croque-lena.com\/index.php\/wp-json\/wp\/v2\/types\/page"}],"author":[{"embeddable":true,"href":"https:\/\/croque-lena.com\/index.php\/wp-json\/wp\/v2\/users\/1"}],"replies":[{"embeddable":true,"href":"https:\/\/croque-lena.com\/index.php\/wp-json\/wp\/v2\/comments?post=83"}],"version-history":[{"count":14,"href":"https:\/\/croque-lena.com\/index.php\/wp-json\/wp\/v2\/pages\/83\/revisions"}],"predecessor-version":[{"id":421,"href":"https:\/\/croque-lena.com\/index.php\/wp-json\/wp\/v2\/pages\/83\/revisions\/421"}],"wp:attachment":[{"href":"https:\/\/croque-lena.com\/index.php\/wp-json\/wp\/v2\/media?parent=83"}],"curies":[{"name":"wp","href":"https:\/\/api.w.org\/{rel}","templated":true}]}}