{"id":81,"date":"2018-08-09T02:09:25","date_gmt":"2018-08-09T00:09:25","guid":{"rendered":"http:\/\/croque-lena.com\/?page_id=81"},"modified":"2019-06-10T11:22:50","modified_gmt":"2019-06-10T09:22:50","slug":"buffets-de-desserts","status":"publish","type":"page","link":"https:\/\/croque-lena.com\/index.php\/buffets-de-desserts\/","title":{"rendered":"Buffets de desserts"},"content":{"rendered":"<h1><strong><img decoding=\"async\" loading=\"lazy\" class=\" wp-image-25 alignleft\" src=\"http:\/\/croque-lena.com\/wp-content\/uploads\/2018\/08\/cuisine-domicile-repas-traiteur-bordeaux-verrine-mousse-300x200.jpg\" alt=\"\" width=\"412\" height=\"274\" srcset=\"https:\/\/croque-lena.com\/wp-content\/uploads\/2018\/08\/cuisine-domicile-repas-traiteur-bordeaux-verrine-mousse-300x200.jpg 300w, https:\/\/croque-lena.com\/wp-content\/uploads\/2018\/08\/cuisine-domicile-repas-traiteur-bordeaux-verrine-mousse-768x512.jpg 768w, https:\/\/croque-lena.com\/wp-content\/uploads\/2018\/08\/cuisine-domicile-repas-traiteur-bordeaux-verrine-mousse.jpg 900w\" sizes=\"(max-width: 412px) 100vw, 412px\" \/><\/strong>G\u00e2teaux<\/h1>\n<p>Brownies<br \/>\nCheesecake aux sp\u00e9culoos<br \/>\nClafoutis aux figues<br \/>\nCrumble aux pommes<br \/>\nG\u00e2teau \u00e0 l&rsquo;ananas<br \/>\nG\u00e2teau amande et chocolat<br \/>\nG\u00e2teau aux pommes<br \/>\nG\u00e2teau aux noisettes<br \/>\nMarbr\u00e9 \u00e0 la pistache<br \/>\nMarbr\u00e9 au chocolat<\/p>\n<p>G\u00e2teau roul\u00e9 fraises et mascarpone<br \/>\nRicotta et citron<br \/>\nSachertorte (g\u00e9noise au chocolat recouvert de confiture de framboises et d&rsquo;une ganache au chocolat)<\/p>\n<h1><strong>Tartes<\/strong><\/h1>\n<p>Abricots et pistache<br \/>\nChocolat<br \/>\nChocolat et fromage blanc<br \/>\nFraise<br \/>\nKiwi<br \/>\nLemon curd<br \/>\nMirabelle<br \/>\nNoix<br \/>\nNoix de coco<br \/>\nNoix de p\u00e9can<br \/>\nPoires et amande<br \/>\nRicotta et figues<br \/>\nRhubarbe<\/p>\n<h1><strong>Biscuits\u00a0et petits g\u00e2teaux<\/strong><\/h1>\n<p>Cannel\u00e9<br \/>\nClafoutis aux fruits rouges<br \/>\nCookie chocolat noir ou chocolat blanc et noix<br \/>\nFinancier amande<br \/>\nFinancier amande et p\u00e9pites de chocolat<br \/>\nMadeleine \u00e0 la pistache, vanille ou citron<br \/>\nMuffin moelleux aux p\u00e9pites de chocolat<br \/>\nMoelleux ananas et noix de coco<br \/>\nMoelleux au chocolat<br \/>\nMoelleux aux pommes<br \/>\nMoelleux noix de coco et citron<br \/>\nRocher \u00e0 la noix de coco<br \/>\nSabl\u00e9 \u00e0 la cannelle<br \/>\nSabl\u00e9 noix de coco, c\u0153ur confiture de mangues<\/p>\n<h1><strong>Cakes<br \/>\n<\/strong><\/h1>\n<p>Ananas et rhum<br \/>\nCitron<br \/>\nMyrtilles<br \/>\nNoix de coco et crunch<br \/>\nQuatre quart banane et p\u00e9pites de chocolat<br \/>\nPain d&rsquo;\u00e9pices<br \/>\nPoires<\/p>\n<h1><strong>Brochettes<\/strong><\/h1>\n<p>Fruits de saison recouverts de chocolat et noix de coco<strong><br \/>\n<\/strong><\/p>\n<p><strong><img decoding=\"async\" loading=\"lazy\" class=\"alignleft wp-image-251\" src=\"http:\/\/croque-lena.com\/wp-content\/uploads\/2018\/09\/185842_196513880368425_7775236_n-300x225.jpg\" alt=\"\" width=\"267\" height=\"200\" srcset=\"https:\/\/croque-lena.com\/wp-content\/uploads\/2018\/09\/185842_196513880368425_7775236_n-300x225.jpg 300w, https:\/\/croque-lena.com\/wp-content\/uploads\/2018\/09\/185842_196513880368425_7775236_n.jpg 720w\" sizes=\"(max-width: 267px) 100vw, 267px\" \/><img decoding=\"async\" loading=\"lazy\" class=\"alignleft wp-image-236\" src=\"http:\/\/croque-lena.com\/wp-content\/uploads\/2018\/09\/299493_274856675867478_1056374548_n-300x200.jpg\" alt=\"\" width=\"300\" height=\"200\" srcset=\"https:\/\/croque-lena.com\/wp-content\/uploads\/2018\/09\/299493_274856675867478_1056374548_n-300x200.jpg 300w, https:\/\/croque-lena.com\/wp-content\/uploads\/2018\/09\/299493_274856675867478_1056374548_n-768x512.jpg 768w, https:\/\/croque-lena.com\/wp-content\/uploads\/2018\/09\/299493_274856675867478_1056374548_n.jpg 960w\" sizes=\"(max-width: 300px) 100vw, 300px\" \/><img decoding=\"async\" loading=\"lazy\" class=\"wp-image-291 alignleft\" src=\"http:\/\/croque-lena.com\/wp-content\/uploads\/2018\/09\/1e6269a1d3c46bbd5a2f72ebe354b847.jpg\" alt=\"\" width=\"200\" height=\"200\" srcset=\"https:\/\/croque-lena.com\/wp-content\/uploads\/2018\/09\/1e6269a1d3c46bbd5a2f72ebe354b847.jpg 200w, https:\/\/croque-lena.com\/wp-content\/uploads\/2018\/09\/1e6269a1d3c46bbd5a2f72ebe354b847-150x150.jpg 150w\" sizes=\"(max-width: 200px) 100vw, 200px\" \/><br \/>\n<\/strong><\/p>\n<p>&nbsp;<\/p>\n<p>&nbsp;<\/p>\n","protected":false},"excerpt":{"rendered":"<p>G\u00e2teaux Brownies Cheesecake aux sp\u00e9culoos Clafoutis aux figues Crumble aux pommes G\u00e2teau \u00e0 l&rsquo;ananas G\u00e2teau amande et chocolat G\u00e2teau aux pommes G\u00e2teau aux noisettes Marbr\u00e9 \u00e0 la pistache Marbr\u00e9 au chocolat G\u00e2teau roul\u00e9 fraises et mascarpone Ricotta et citron Sachertorte (g\u00e9noise au chocolat recouvert de confiture de framboises et d&rsquo;une ganache au chocolat) Tartes Abricots &hellip; <\/p>\n<p class=\"link-more\"><a href=\"https:\/\/croque-lena.com\/index.php\/buffets-de-desserts\/\" class=\"more-link\">Read More<span class=\"screen-reader-text\"> \u00ab\u00a0Buffets de desserts\u00a0\u00bb<\/span><\/a><\/p>\n","protected":false},"author":1,"featured_media":0,"parent":0,"menu_order":0,"comment_status":"closed","ping_status":"closed","template":"","meta":[],"_links":{"self":[{"href":"https:\/\/croque-lena.com\/index.php\/wp-json\/wp\/v2\/pages\/81"}],"collection":[{"href":"https:\/\/croque-lena.com\/index.php\/wp-json\/wp\/v2\/pages"}],"about":[{"href":"https:\/\/croque-lena.com\/index.php\/wp-json\/wp\/v2\/types\/page"}],"author":[{"embeddable":true,"href":"https:\/\/croque-lena.com\/index.php\/wp-json\/wp\/v2\/users\/1"}],"replies":[{"embeddable":true,"href":"https:\/\/croque-lena.com\/index.php\/wp-json\/wp\/v2\/comments?post=81"}],"version-history":[{"count":26,"href":"https:\/\/croque-lena.com\/index.php\/wp-json\/wp\/v2\/pages\/81\/revisions"}],"predecessor-version":[{"id":407,"href":"https:\/\/croque-lena.com\/index.php\/wp-json\/wp\/v2\/pages\/81\/revisions\/407"}],"wp:attachment":[{"href":"https:\/\/croque-lena.com\/index.php\/wp-json\/wp\/v2\/media?parent=81"}],"curies":[{"name":"wp","href":"https:\/\/api.w.org\/{rel}","templated":true}]}}