{"id":79,"date":"2018-08-09T02:07:54","date_gmt":"2018-08-09T00:07:54","guid":{"rendered":"http:\/\/croque-lena.com\/?page_id=79"},"modified":"2018-09-13T15:17:33","modified_gmt":"2018-09-13T13:17:33","slug":"buffets-dhiver","status":"publish","type":"page","link":"https:\/\/croque-lena.com\/index.php\/buffets-dhiver\/","title":{"rendered":"Buffets d&rsquo;hiver"},"content":{"rendered":"<h1><strong><img decoding=\"async\" loading=\"lazy\" class=\" wp-image-18 alignleft\" src=\"http:\/\/croque-lena.com\/wp-content\/uploads\/2018\/08\/cuisine-domicile-repas-traiteur-bordeaux-cookie-tomates-sechees-300x200.jpg\" alt=\"\" width=\"281\" height=\"187\" srcset=\"https:\/\/croque-lena.com\/wp-content\/uploads\/2018\/08\/cuisine-domicile-repas-traiteur-bordeaux-cookie-tomates-sechees-300x200.jpg 300w, https:\/\/croque-lena.com\/wp-content\/uploads\/2018\/08\/cuisine-domicile-repas-traiteur-bordeaux-cookie-tomates-sechees-768x512.jpg 768w, https:\/\/croque-lena.com\/wp-content\/uploads\/2018\/08\/cuisine-domicile-repas-traiteur-bordeaux-cookie-tomates-sechees.jpg 900w\" sizes=\"(max-width: 281px) 100vw, 281px\" \/>Biscuits ap\u00e9ritifs<\/strong><\/h1>\n<p>Cookie abricots secs, ch\u00e8vre et romarin<br \/>\nCookie \u00e0 la tomate s\u00e9ch\u00e9e, au chorizo et au parmesan<br \/>\nCroustillant au parmesan et romarin<br \/>\nGressin au fromage et \u00e0 l\u2019origan<br \/>\nMini-madeleine au roquefort<br \/>\nSabl\u00e9 \u00e0 l&#8217;emmental et au thym<\/p>\n<h1><strong>Feuillet\u00e9s<\/strong><\/h1>\n<p>Chausson feuillet\u00e9 (farce olive, \u0153uf, jambon et fromage)<br \/>\nMini bouch\u00e9e feuillet\u00e9e au ch\u00e8vre frais et \u00e0 la tomate confite<br \/>\nMini bouch\u00e9e feuillet\u00e9e au saumon<br \/>\nPalmier feuillet\u00e9 \u00e0 la sauce au poivron et \u00e0 l\u2019emmental<br \/>\nPetit feuillet\u00e9 \u00e0 la saucisse et au s\u00e9same<\/p>\n<h1><strong>Verrines\u00a0\u00a0\u00a0\u00a0\u00a0\u00a0\u00a0\u00a0\u00a0\u00a0\u00a0\u00a0\u00a0\u00a0\u00a0\u00a0\u00a0\u00a0\u00a0\u00a0\u00a0\u00a0\u00a0\u00a0\u00a0\u00a0\u00a0\u00a0\u00a0\u00a0\u00a0\u00a0\u00a0\u00a0\u00a0\u00a0\u00a0\u00a0\u00a0\u00a0\u00a0\u00a0\u00a0\u00a0\u00a0\u00a0\u00a0\u00a0\u00a0\u00a0\u00a0\u00a0\u00a0\u00a0\u00a0\u00a0\u00a0\u00a0\u00a0\u00a0\u00a0\u00a0\u00a0\u00a0\u00a0\u00a0\u00a0\u00a0\u00a0\u00a0\u00a0\u00a0\u00a0\u00a0\u00a0\u00a0\u00a0\u00a0\u00a0\u00a0\u00a0\u00a0\u00a0\u00a0<\/strong><\/h1>\n<p>Cr\u00e8me de betteraves, guacamole et ch\u00e8vre frais \u00e0 la coriandre<br \/>\nCrevettes et mangue au curry<br \/>\nPanna cotta au pesto et jambon de Parme<br \/>\nTruite fum\u00e9e \u00e0 la ciboulette<\/p>\n<h1><strong>Brochettes<\/strong><\/h1>\n<p>Champignon, comt\u00e9 et viande des grison<\/p>\n<h1><strong>Petits fours sal\u00e9s froids<\/strong><\/h1>\n<p><strong>Poisson<\/strong><\/p>\n<p>Blinis au saumon fum\u00e9<br \/>\nBoulettes de saumon et sauce citronn\u00e9e<br \/>\nCarpaccio de Saint-Jacques aux zestes d&rsquo;orange<br \/>\nChoux au saumon<br \/>\nCorolle croustillante au guacamole et \u00e0 la crevette<br \/>\nMini sandwich de pain de mie au saumon et au guacamole<br \/>\nRillettes de saumon ou de thon<br \/>\nRoul\u00e9 de saumon au fromage frais et \u00e0 la ciboulette<br \/>\nTartare de saumon \u00e0 la coriandre<br \/>\nTartelette au saumon et \u00e0 la ciboulette<br \/>\nMoelleux haddock, ciboulette et mozzarella<\/p>\n<p><strong>Viande<\/strong><\/p>\n<p>Bouch\u00e9e ail et fines herbes et jambon<br \/>\nMini sandwich ch\u00e8vre frais, olives noires et jambon<br \/>\nMini sandwich de pain de mie au fromage frais au piment d&rsquo;Espelette et jambon de pays<br \/>\nPetite quiche sans p\u00e2te (lardons, champignons, gruy\u00e8re)<br \/>\nRoul\u00e9 de viande des grison au fromage frais et aux figues<\/p>\n<p><strong>L\u00e9gumes<\/strong><\/p>\n<p>Blinis houmous et radis<br \/>\nBouch\u00e9e poireaux, patate douce et feta<br \/>\nL\u00e9gumes (de saison) et sauces au choix (fromage blanc et ciboulette, houmous, guacamole, cr\u00e8me au bleu)<br \/>\nMuffin \u00e0 la patate douce<\/p>\n<p><strong>Fromage<\/strong><\/p>\n<p>Brick \u00e0 la feta et \u00e0 la ricotta<br \/>\nChoux au roquefort<br \/>\nCr\u00e8me de roquefort et noix sur toast<br \/>\nGoug\u00e8re (choux au gruy\u00e8re) farcie au ch\u00e8vre frais et \u00e0 la tomate confite<br \/>\nMini cheesecake sal\u00e9<br \/>\nMoelleux camembert et s\u00e9same<br \/>\nTartelette au ch\u00e8vre frais et \u00e0 la ciboulette<br \/>\nTartelette roquefort, miel et noix<\/p>\n<h1><strong>Petits fours sal\u00e9s chauds<\/strong><\/h1>\n<p>Brick \u00e0 la viande<br \/>\nMini burger au comt\u00e9 ou au bleu<br \/>\nPetite aum\u00f4ni\u00e8re au ch\u00e8vre et au miel<br \/>\nPruneau ou abricot s\u00e9ch\u00e9s enrob\u00e9s de bacon<br \/>\nTartelette de ch\u00e8vre au thym<br \/>\nTatin mangue et magret<br \/>\nToast de polenta, jambon de Bayonne, sauce au poivron &amp; parmesan<\/p>\n<h1><strong>Tartes\u00a0et quiches sal\u00e9es <\/strong><\/h1>\n<p>Asperge, ch\u00e8vre frais, jambon blanc, emmental<br \/>\nEndives et camembert<br \/>\nFlamiche au maroilles<br \/>\nPoireaux<br \/>\nPoireaux et ch\u00e8vre<br \/>\nPoireaux et saumon<br \/>\nQuiche lorraine<br \/>\nQuiche aux deux saumons<br \/>\nThon et piment d\u2019Espelette<\/p>\n<h1><strong>Cakes sal\u00e9s <\/strong><\/h1>\n<p>Chorizo, feta et olives<br \/>\nChorizo, tomates s\u00e9ch\u00e9es et olives<br \/>\nCupcake roquefort et noix<br \/>\nFarine de ma\u00efs et viande des grison<br \/>\nFeta, tomates confites et jambon cru<br \/>\nFeta, tomates confites et origan<br \/>\nFigues s\u00e9ch\u00e9es et ch\u00e8vre<br \/>\nFigues s\u00e9ch\u00e9es et magret s\u00e9ch\u00e9<br \/>\nJambon blanc, olives et gruy\u00e8re<br \/>\nMozzarella, tomates confites et basilic<br \/>\nPain de thon accompagn\u00e9 de cr\u00e8me \u00e0 la ciboulette<br \/>\nSaumon et aneth<\/p>\n<h1><strong>Plateaux de charcuteries et de fromages aoc<\/strong><\/h1>\n<p>Accompagn\u00e9s d\u2019une vari\u00e9t\u00e9 de petits pains (noix, figues, c\u00e9r\u00e9ales, s\u00e9same, campagne, olives)<br \/>\nMagret s\u00e9ch\u00e9, saucisse s\u00e8che, chorizo, jambon de Bayonne, jambon au torchon, terrine de campagne maison<br \/>\nBrie de Meaux, Saint-nectaire, comt\u00e9, roquefort, ch\u00e8vre<\/p>\n<p><img decoding=\"async\" loading=\"lazy\" class=\"wp-image-20 alignleft\" src=\"http:\/\/croque-lena.com\/wp-content\/uploads\/2018\/08\/cuisine-domicile-repas-traiteur-bordeaux-mini-cakes-300x200.jpg\" alt=\"\" width=\"255\" height=\"170\" srcset=\"https:\/\/croque-lena.com\/wp-content\/uploads\/2018\/08\/cuisine-domicile-repas-traiteur-bordeaux-mini-cakes-300x200.jpg 300w, https:\/\/croque-lena.com\/wp-content\/uploads\/2018\/08\/cuisine-domicile-repas-traiteur-bordeaux-mini-cakes-768x511.jpg 768w, https:\/\/croque-lena.com\/wp-content\/uploads\/2018\/08\/cuisine-domicile-repas-traiteur-bordeaux-mini-cakes.jpg 900w\" sizes=\"(max-width: 255px) 100vw, 255px\" \/> <img decoding=\"async\" loading=\"lazy\" class=\"wp-image-241 alignleft\" src=\"http:\/\/croque-lena.com\/wp-content\/uploads\/2018\/09\/croque-lena-traiteur_cakes_chorizo-200x300.jpg\" alt=\"\" width=\"113\" height=\"170\" srcset=\"https:\/\/croque-lena.com\/wp-content\/uploads\/2018\/09\/croque-lena-traiteur_cakes_chorizo-200x300.jpg 200w, https:\/\/croque-lena.com\/wp-content\/uploads\/2018\/09\/croque-lena-traiteur_cakes_chorizo.jpg 640w\" sizes=\"(max-width: 113px) 100vw, 113px\" \/>\u00a0 <img decoding=\"async\" loading=\"lazy\" class=\"wp-image-17 alignleft\" src=\"http:\/\/croque-lena.com\/wp-content\/uploads\/2018\/08\/cuisine-domicile-repas-traiteur-bordeaux-champignons-farcis-300x200.jpg\" alt=\"\" width=\"255\" height=\"170\" srcset=\"https:\/\/croque-lena.com\/wp-content\/uploads\/2018\/08\/cuisine-domicile-repas-traiteur-bordeaux-champignons-farcis-300x200.jpg 300w, https:\/\/croque-lena.com\/wp-content\/uploads\/2018\/08\/cuisine-domicile-repas-traiteur-bordeaux-champignons-farcis-768x512.jpg 768w, https:\/\/croque-lena.com\/wp-content\/uploads\/2018\/08\/cuisine-domicile-repas-traiteur-bordeaux-champignons-farcis.jpg 900w\" sizes=\"(max-width: 255px) 100vw, 255px\" \/><img decoding=\"async\" loading=\"lazy\" class=\"wp-image-33 alignleft\" src=\"http:\/\/croque-lena.com\/wp-content\/uploads\/2018\/08\/MangueMagret87-200x300.jpg\" alt=\"\" width=\"113\" height=\"170\" srcset=\"https:\/\/croque-lena.com\/wp-content\/uploads\/2018\/08\/MangueMagret87-200x300.jpg 200w, https:\/\/croque-lena.com\/wp-content\/uploads\/2018\/08\/MangueMagret87-768x1150.jpg 768w, https:\/\/croque-lena.com\/wp-content\/uploads\/2018\/08\/MangueMagret87-684x1024.jpg 684w\" sizes=\"(max-width: 113px) 100vw, 113px\" \/><\/p>\n<p>&nbsp;<\/p>\n","protected":false},"excerpt":{"rendered":"<p>Biscuits ap\u00e9ritifs Cookie abricots secs, ch\u00e8vre et romarin Cookie \u00e0 la tomate s\u00e9ch\u00e9e, au chorizo et au parmesan Croustillant au parmesan et romarin Gressin au fromage et \u00e0 l\u2019origan Mini-madeleine au roquefort Sabl\u00e9 \u00e0 l&#8217;emmental et au thym Feuillet\u00e9s Chausson feuillet\u00e9 (farce olive, \u0153uf, jambon et fromage) Mini bouch\u00e9e feuillet\u00e9e au ch\u00e8vre frais et \u00e0 &hellip; <\/p>\n<p class=\"link-more\"><a href=\"https:\/\/croque-lena.com\/index.php\/buffets-dhiver\/\" class=\"more-link\">Read More<span class=\"screen-reader-text\"> \u00ab\u00a0Buffets d&rsquo;hiver\u00a0\u00bb<\/span><\/a><\/p>\n","protected":false},"author":1,"featured_media":0,"parent":0,"menu_order":0,"comment_status":"closed","ping_status":"closed","template":"","meta":[],"_links":{"self":[{"href":"https:\/\/croque-lena.com\/index.php\/wp-json\/wp\/v2\/pages\/79"}],"collection":[{"href":"https:\/\/croque-lena.com\/index.php\/wp-json\/wp\/v2\/pages"}],"about":[{"href":"https:\/\/croque-lena.com\/index.php\/wp-json\/wp\/v2\/types\/page"}],"author":[{"embeddable":true,"href":"https:\/\/croque-lena.com\/index.php\/wp-json\/wp\/v2\/users\/1"}],"replies":[{"embeddable":true,"href":"https:\/\/croque-lena.com\/index.php\/wp-json\/wp\/v2\/comments?post=79"}],"version-history":[{"count":17,"href":"https:\/\/croque-lena.com\/index.php\/wp-json\/wp\/v2\/pages\/79\/revisions"}],"predecessor-version":[{"id":381,"href":"https:\/\/croque-lena.com\/index.php\/wp-json\/wp\/v2\/pages\/79\/revisions\/381"}],"wp:attachment":[{"href":"https:\/\/croque-lena.com\/index.php\/wp-json\/wp\/v2\/media?parent=79"}],"curies":[{"name":"wp","href":"https:\/\/api.w.org\/{rel}","templated":true}]}}