{"id":5,"date":"2018-08-09T01:24:59","date_gmt":"2018-08-08T23:24:59","guid":{"rendered":"http:\/\/croque-lena.com\/?page_id=5"},"modified":"2018-10-24T17:02:24","modified_gmt":"2018-10-24T15:02:24","slug":"a-propos-de","status":"publish","type":"page","link":"https:\/\/croque-lena.com\/index.php\/a-propos-de\/","title":{"rendered":"Concept"},"content":{"rendered":"<p>Vous avez envie de recevoir vos amis ou votre famille autour d\u2019un repas chaleureux et de qualit\u00e9 sans pour autant passer votre temps aux fourneaux ?<\/p>\n<p><strong>Voici une alternative id\u00e9ale o\u00f9 tout est fait maison.<\/strong><\/p>\n<p>Recevoir est tout un art, cependant, r\u00e9unir amis ou famille dans une ambiance chaleureuse et autour d\u2019un bon repas et profiter \u00e9galement de la soir\u00e9e n\u2019est pas forc\u00e9ment ais\u00e9.<\/p>\n<p>C\u2019est \u00e0 ce moment que j\u2019interviens : je vous propose une cuisine saine et de qualit\u00e9 sans que vous n\u2019ayez \u00e0 vous pr\u00e9occuper de quoi que ce soit si ce n\u2019est pour le choix des mets.<\/p>\n<p>Selon la formule choisie et le nombre de convives, je commence \u00e0 cuisiner chez vous la veille ou au plus tard, deux heures avant le repas (pour un brunch par exemple).<\/p>\n<p>J\u2019aurais fait mon march\u00e9 le jour m\u00eame ou la veille et j\u2019occuperais la cuisine jusqu\u2019\u00e0 la r\u00e9alisation finale du menu ; tout en prenant soin du rangement et du nettoyage.<\/p>\n<p>Je suis pr\u00eate \u00e0 \u00e9laborer avec vous le menu qui conviendra le mieux \u00e0 vos invit\u00e9s, aux circonstances et \u00e0 votre budget: un repas th\u00e9matique ? Une \u00e9norme envie de fromage ?<\/p>\n<h2 style=\"text-align: right;\">N&rsquo;h\u00e9sitez pas ! Contactez Croque Lena !<\/h2>\n<p><img decoding=\"async\" loading=\"lazy\" class=\"alignright wp-image-240\" src=\"http:\/\/croque-lena.com\/wp-content\/uploads\/2018\/09\/Croque-lena-traiteur.jpg\" alt=\"\" width=\"405\" height=\"170\" srcset=\"https:\/\/croque-lena.com\/wp-content\/uploads\/2018\/09\/Croque-lena-traiteur.jpg 960w, https:\/\/croque-lena.com\/wp-content\/uploads\/2018\/09\/Croque-lena-traiteur-300x126.jpg 300w, https:\/\/croque-lena.com\/wp-content\/uploads\/2018\/09\/Croque-lena-traiteur-768x322.jpg 768w\" sizes=\"(max-width: 405px) 100vw, 405px\" \/><img decoding=\"async\" loading=\"lazy\" class=\"alignright wp-image-22\" src=\"http:\/\/croque-lena.com\/wp-content\/uploads\/2018\/08\/cuisine-domicile-repas-traiteur-bordeaux-roules-courgette-chevre-frais-echalottes-amandes-300x200.jpg\" alt=\"\" width=\"255\" height=\"170\" srcset=\"https:\/\/croque-lena.com\/wp-content\/uploads\/2018\/08\/cuisine-domicile-repas-traiteur-bordeaux-roules-courgette-chevre-frais-echalottes-amandes-300x200.jpg 300w, https:\/\/croque-lena.com\/wp-content\/uploads\/2018\/08\/cuisine-domicile-repas-traiteur-bordeaux-roules-courgette-chevre-frais-echalottes-amandes-768x512.jpg 768w, https:\/\/croque-lena.com\/wp-content\/uploads\/2018\/08\/cuisine-domicile-repas-traiteur-bordeaux-roules-courgette-chevre-frais-echalottes-amandes.jpg 900w\" sizes=\"(max-width: 255px) 100vw, 255px\" \/><\/p>\n<p>&nbsp;<\/p>\n<p>&nbsp;<\/p>\n","protected":false},"excerpt":{"rendered":"<p>Vous avez envie de recevoir vos amis ou votre famille autour d\u2019un repas chaleureux et de qualit\u00e9 sans pour autant passer votre temps aux fourneaux ? Voici une alternative id\u00e9ale o\u00f9 tout est fait maison. Recevoir est tout un art, cependant, r\u00e9unir amis ou famille dans une ambiance chaleureuse et autour d\u2019un bon repas et &hellip; <\/p>\n<p class=\"link-more\"><a href=\"https:\/\/croque-lena.com\/index.php\/a-propos-de\/\" class=\"more-link\">Read More<span class=\"screen-reader-text\"> \u00ab\u00a0Concept\u00a0\u00bb<\/span><\/a><\/p>\n","protected":false},"author":1,"featured_media":0,"parent":0,"menu_order":0,"comment_status":"closed","ping_status":"closed","template":"","meta":[],"_links":{"self":[{"href":"https:\/\/croque-lena.com\/index.php\/wp-json\/wp\/v2\/pages\/5"}],"collection":[{"href":"https:\/\/croque-lena.com\/index.php\/wp-json\/wp\/v2\/pages"}],"about":[{"href":"https:\/\/croque-lena.com\/index.php\/wp-json\/wp\/v2\/types\/page"}],"author":[{"embeddable":true,"href":"https:\/\/croque-lena.com\/index.php\/wp-json\/wp\/v2\/users\/1"}],"replies":[{"embeddable":true,"href":"https:\/\/croque-lena.com\/index.php\/wp-json\/wp\/v2\/comments?post=5"}],"version-history":[{"count":13,"href":"https:\/\/croque-lena.com\/index.php\/wp-json\/wp\/v2\/pages\/5\/revisions"}],"predecessor-version":[{"id":394,"href":"https:\/\/croque-lena.com\/index.php\/wp-json\/wp\/v2\/pages\/5\/revisions\/394"}],"wp:attachment":[{"href":"https:\/\/croque-lena.com\/index.php\/wp-json\/wp\/v2\/media?parent=5"}],"curies":[{"name":"wp","href":"https:\/\/api.w.org\/{rel}","templated":true}]}}