{"id":4,"date":"2018-08-09T01:24:59","date_gmt":"2018-08-08T23:24:59","guid":{"rendered":"http:\/\/croque-lena.com\/?page_id=4"},"modified":"2020-05-28T14:41:39","modified_gmt":"2020-05-28T12:41:39","slug":"accueil","status":"publish","type":"page","link":"https:\/\/croque-lena.com\/","title":{"rendered":"Accueil"},"content":{"rendered":"<p>Croque Lena, une formule de cuisine \u00e0 domicile qui vous permet de recevoir, \u00e0 des prix accessibles, en toute tranquillit\u00e9.<br \/>\nPour chacun de vos \u00e9v\u00e9nements, \u00e0 destination des professionnels ou des particuliers, un choix de menus sur-mesure \u00e9labor\u00e9s avec des produits sains et de saison.<\/p>\n<h1>L&rsquo;alternative id\u00e9ale au traiteur traditionnel !<\/h1>\n<p>Ap\u00e9ro d\u00eenatoire, vernissages, s\u00e9minaires, buffets, anniversaire, cr\u00e9maill\u00e8res, brunch, repas, collations, soir\u00e9e entre amis, f\u00eates en famille, catering&#8230;<img decoding=\"async\" loading=\"lazy\" class=\"size-medium wp-image-34 alignright\" src=\"http:\/\/croque-lena.com\/wp-content\/uploads\/2018\/08\/table-2-20bouquets-3plateaux-et-2-vasques-2-300x200.jpg\" alt=\"\" width=\"300\" height=\"200\" srcset=\"https:\/\/croque-lena.com\/wp-content\/uploads\/2018\/08\/table-2-20bouquets-3plateaux-et-2-vasques-2-300x200.jpg 300w, https:\/\/croque-lena.com\/wp-content\/uploads\/2018\/08\/table-2-20bouquets-3plateaux-et-2-vasques-2-768x511.jpg 768w, https:\/\/croque-lena.com\/wp-content\/uploads\/2018\/08\/table-2-20bouquets-3plateaux-et-2-vasques-2-1024x681.jpg 1024w\" sizes=\"(max-width: 300px) 100vw, 300px\" \/><\/p>\n<p>Croque Lena, c&rsquo;est aussi un food truck pour l\u2019\u00e9v\u00e9nementiel !<\/p>\n<p>N&rsquo;h\u00e9sitez pas \u00e0 me contacter pour un menu v\u00e9g\u00e9tarien, v\u00e9g\u00e9talien ou encore sans gluten !&#8230;<\/p>\n<p><strong>\u00ab\u00a0Convier quelqu&rsquo;un, c&rsquo;est se charger de son bonheur pendant tout le temps qu&rsquo;il est sous votre toit\u00a0\u00bb<\/strong><\/p>\n<p><strong>Brillat-Savarin<\/strong><\/p>\n<p>&nbsp;<\/p>\n","protected":false},"excerpt":{"rendered":"<p>Croque Lena, une formule de cuisine \u00e0 domicile qui vous permet de recevoir, \u00e0 des prix accessibles, en toute tranquillit\u00e9. Pour chacun de vos \u00e9v\u00e9nements, \u00e0 destination des professionnels ou des particuliers, un choix de menus sur-mesure \u00e9labor\u00e9s avec des produits sains et de saison. L&rsquo;alternative id\u00e9ale au traiteur traditionnel ! Ap\u00e9ro d\u00eenatoire, vernissages, s\u00e9minaires, &hellip; <\/p>\n<p class=\"link-more\"><a href=\"https:\/\/croque-lena.com\/\" class=\"more-link\">Read More<span class=\"screen-reader-text\"> \u00ab\u00a0Accueil\u00a0\u00bb<\/span><\/a><\/p>\n","protected":false},"author":1,"featured_media":0,"parent":0,"menu_order":0,"comment_status":"closed","ping_status":"closed","template":"","meta":[],"_links":{"self":[{"href":"https:\/\/croque-lena.com\/index.php\/wp-json\/wp\/v2\/pages\/4"}],"collection":[{"href":"https:\/\/croque-lena.com\/index.php\/wp-json\/wp\/v2\/pages"}],"about":[{"href":"https:\/\/croque-lena.com\/index.php\/wp-json\/wp\/v2\/types\/page"}],"author":[{"embeddable":true,"href":"https:\/\/croque-lena.com\/index.php\/wp-json\/wp\/v2\/users\/1"}],"replies":[{"embeddable":true,"href":"https:\/\/croque-lena.com\/index.php\/wp-json\/wp\/v2\/comments?post=4"}],"version-history":[{"count":22,"href":"https:\/\/croque-lena.com\/index.php\/wp-json\/wp\/v2\/pages\/4\/revisions"}],"predecessor-version":[{"id":432,"href":"https:\/\/croque-lena.com\/index.php\/wp-json\/wp\/v2\/pages\/4\/revisions\/432"}],"wp:attachment":[{"href":"https:\/\/croque-lena.com\/index.php\/wp-json\/wp\/v2\/media?parent=4"}],"curies":[{"name":"wp","href":"https:\/\/api.w.org\/{rel}","templated":true}]}}