{"id":2,"date":"2018-08-07T14:41:22","date_gmt":"2018-08-07T12:41:22","guid":{"rendered":"http:\/\/croque-lena.com\/?page_id=2"},"modified":"2019-06-10T11:17:43","modified_gmt":"2019-06-10T09:17:43","slug":"page-d-exemple","status":"publish","type":"page","link":"https:\/\/croque-lena.com\/index.php\/page-d-exemple\/","title":{"rendered":"Buffets d&rsquo;\u00e9t\u00e9"},"content":{"rendered":"<h1><strong><img decoding=\"async\" loading=\"lazy\" class=\"wp-image-23 alignleft\" src=\"http:\/\/croque-lena.com\/wp-content\/uploads\/2018\/08\/cuisine-domicile-repas-traiteur-bordeaux-soupe-poivron-300x200.jpg\" alt=\"\" width=\"332\" height=\"221\" srcset=\"https:\/\/croque-lena.com\/wp-content\/uploads\/2018\/08\/cuisine-domicile-repas-traiteur-bordeaux-soupe-poivron-300x200.jpg 300w, https:\/\/croque-lena.com\/wp-content\/uploads\/2018\/08\/cuisine-domicile-repas-traiteur-bordeaux-soupe-poivron-768x512.jpg 768w, https:\/\/croque-lena.com\/wp-content\/uploads\/2018\/08\/cuisine-domicile-repas-traiteur-bordeaux-soupe-poivron.jpg 900w\" sizes=\"(max-width: 332px) 100vw, 332px\" \/><\/strong><strong>Biscuits ap\u00e9ritifs<\/strong><\/h1>\n<p>Cookie abricots secs, ch\u00e8vre et romarin<br \/>\nCookie \u00e0 la tomate s\u00e9ch\u00e9e, au chorizo et au parmesan<br \/>\nCroustillant au parmesan et romarin<br \/>\nGressin au fromage et \u00e0 l\u2019origan<br \/>\nMini-madeleine au roquefort<br \/>\nSabl\u00e9 \u00e0 l&#8217;emmental et au thym<\/p>\n<p>&nbsp;<\/p>\n<h1><strong>Feuillet\u00e9s<\/strong><\/h1>\n<p>Chausson feuillet\u00e9 (farce olive, \u0153uf, jambon et fromage)<br \/>\nFeuillet\u00e9 au pesto<br \/>\nMini bouch\u00e9e feuillet\u00e9e au ch\u00e8vre frais et \u00e0 la tomate confite<br \/>\nMini bouch\u00e9e feuillet\u00e9e au saumon<br \/>\nPalmier feuillet\u00e9 \u00e0 la sauce au poivron et \u00e0 l\u2019emmental<br \/>\nPetit feuillet\u00e9 \u00e0 la saucisse et au s\u00e9same<\/p>\n<h1><strong>Verrines\u00a0\u00a0\u00a0\u00a0\u00a0\u00a0\u00a0\u00a0\u00a0\u00a0\u00a0\u00a0\u00a0\u00a0\u00a0\u00a0\u00a0\u00a0\u00a0\u00a0\u00a0\u00a0\u00a0\u00a0\u00a0\u00a0\u00a0\u00a0\u00a0\u00a0\u00a0\u00a0<\/strong><\/h1>\n<p>Caviar d\u2019aubergines, ricotta et coppa<br \/>\nCr\u00e8me de betteraves, guacamole et ch\u00e8vre frais \u00e0 la coriandre<br \/>\nCrevettes et mangue au curry<br \/>\nGaspacho de tomates<br \/>\nPanna cotta au pesto et jambon de Parme<br \/>\nPiperade et jambon de Bayonne<br \/>\nSoupe froide de poivron rouge au Boursin et au piment d\u2019Espelette<br \/>\nTruite fum\u00e9e \u00e0 la ciboulette<\/p>\n<h1><strong>Brochettes<\/strong><\/h1>\n<p>Concombre au fromage frais<br \/>\nMelon, jambon cru et tomate s\u00e9ch\u00e9e<br \/>\nMozzarella, jambon de Bayonne, tomate cerise et basilic<br \/>\nTortellinis et tomate cerise<\/p>\n<h1><strong>Petits fours sal\u00e9s froids<\/strong><\/h1>\n<p><strong>Poisson<\/strong><\/p>\n<p>Blinis concombre et tarama<br \/>\nBlinis au saumon fum\u00e9<br \/>\nBoulettes de saumon et sauce citronn\u00e9e<br \/>\nCarpaccio de Saint-Jacques aux zestes d&rsquo;orange<br \/>\nChoux au saumon<br \/>\nCorolle croustillante au guacamole et \u00e0 la crevette<br \/>\nMini sandwich de pain de mie au saumon et au guacamole<br \/>\nMoules \u00e9pic\u00e9es et piperade<br \/>\nRillettes de saumon ou de thon<br \/>\nRoul\u00e9 de saumon au fromage frais et \u00e0 la ciboulette<br \/>\nTartare de saumon \u00e0 la coriandre<br \/>\nTartelette au saumon et \u00e0 la ciboulette<\/p>\n<p><strong>Viande<\/strong><\/p>\n<p>Bouch\u00e9e ail et fines herbes et jambon<br \/>\nClafoutis tomate cerise, chorizo et olive noire<br \/>\nMini sandwich ch\u00e8vre frais, olives noires et jambon<br \/>\nMini sandwich de pain de mie au fromage frais au piment d&rsquo;Espelette et jambon de pays<br \/>\nPetite quiche sans p\u00e2te (lardons, champignons, gruy\u00e8re)<br \/>\nRoul\u00e9 de viande des grison au fromage frais et aux figues<\/p>\n<p><strong>L\u00e9gumes<\/strong><\/p>\n<p>Toasts de concombre et tapenade d&rsquo;olives noires<br \/>\nL\u00e9gumes (de saison) et sauces au choix (fromage blanc et ciboulette, houmous, guacamole, cr\u00e8me au bleu)<\/p>\n<p><strong>Fromage<\/strong><\/p>\n<p>Brick \u00e0 la feta et \u00e0 la ricotta<br \/>\nChoux au roquefort<br \/>\nCr\u00e8me de roquefort et noix sur toast<br \/>\nGoug\u00e8re (choux au gruy\u00e8re) farcie au ch\u00e8vre frais et \u00e0 la tomate confite<br \/>\nMini cheesecake sal\u00e9<br \/>\nMoelleux camembert et s\u00e9same<br \/>\nTartelette au ch\u00e8vre frais et \u00e0 la ciboulette<br \/>\nTartelette roquefort, miel et noix<\/p>\n<h1><strong>Petits fours sal\u00e9s<\/strong><strong> chauds<\/strong><\/h1>\n<p>Brick \u00e0 la viande et aux \u00e9pices<br \/>\nEmpanadas \u00e9pinards et ch\u00e8vre<br \/>\nMini burger au comt\u00e9 ou au bleu<br \/>\nPetite aum\u00f4ni\u00e8re au ch\u00e8vre et au miel<br \/>\nPruneau ou abricot enrob\u00e9s de bacon<br \/>\nTartelette de ch\u00e8vre au thym<br \/>\nTatin mangue et magret<br \/>\nToast de polenta, jambon de Bayonne, sauce au poivron &amp; parmesan<\/p>\n<h1><strong>Tartes\u00a0et quiches <\/strong><strong>sal\u00e9es<\/strong><\/h1>\n<p>Asperge, ch\u00e8vre frais, jambon blanc, emmental<br \/>\nBlettes et pesto<br \/>\nCourgette, lardon et curry<br \/>\n\u00c9pinards et feta<br \/>\nFlamiche au maroilles<br \/>\nL\u00e9gumes grill\u00e9s et chorizo<br \/>\nQuiche lorraine<br \/>\nQuiche aux deux saumons<br \/>\nThon et piment d\u2019Espelette<\/p>\n<h1><strong>Cakes sal\u00e9s<\/strong><\/h1>\n<p>Chorizo, feta et olives<br \/>\nChorizo, tomates s\u00e9ch\u00e9es et olives<br \/>\nCourgettes, mimolette et estragon<br \/>\nCourgette, poivron rouge et ch\u00e8vre<br \/>\nCupcake roquefort et noix<br \/>\nFarine de ma\u00efs et viande des grison<br \/>\nFeta, tomates confites et jambon cru<br \/>\nFeta, tomates confites et origan<br \/>\nFigues et ch\u00e8vre<br \/>\nFigues et magret s\u00e9ch\u00e9<br \/>\nJambon blanc, olives et gruy\u00e8re<br \/>\nL\u00e9gumes grill\u00e9s et chorizo<br \/>\nMozzarella, tomates confites et basilic<br \/>\nPain de thon accompagn\u00e9 de cr\u00e8me \u00e0 la ciboulette<br \/>\nSaumon et aneth<\/p>\n<h1><strong>Plateaux de charcuteries et de fromages aoc<\/strong><\/h1>\n<p>accompagn\u00e9s d\u2019une vari\u00e9t\u00e9 de petits pains (noix, figues, c\u00e9r\u00e9ales, s\u00e9same, campagne, olives)<br \/>\nMagret s\u00e9ch\u00e9, saucisse s\u00e8che, chorizo, jambon de Bayonne, jambon au torchon, terrine de campagne maison<br \/>\nBrie de Meaux, Saint-nectaire, comt\u00e9, roquefort, ch\u00e8vre<\/p>\n<p>&nbsp;<\/p>\n<p><img decoding=\"async\" loading=\"lazy\" class=\"alignleft wp-image-19\" src=\"http:\/\/croque-lena.com\/wp-content\/uploads\/2018\/08\/cuisine-domicile-repas-traiteur-bordeaux-gaspacho-300x200.jpg\" alt=\"\" width=\"255\" height=\"170\" srcset=\"https:\/\/croque-lena.com\/wp-content\/uploads\/2018\/08\/cuisine-domicile-repas-traiteur-bordeaux-gaspacho-300x200.jpg 300w, https:\/\/croque-lena.com\/wp-content\/uploads\/2018\/08\/cuisine-domicile-repas-traiteur-bordeaux-gaspacho-768x512.jpg 768w, https:\/\/croque-lena.com\/wp-content\/uploads\/2018\/08\/cuisine-domicile-repas-traiteur-bordeaux-gaspacho.jpg 900w\" sizes=\"(max-width: 255px) 100vw, 255px\" \/><img decoding=\"async\" loading=\"lazy\" class=\"alignleft wp-image-36\" src=\"http:\/\/croque-lena.com\/wp-content\/uploads\/2018\/08\/tarteLe\u00cc\u0081gumeEte\u00cc\u0081Grille\u00cc\u008112-300x276.jpg\" alt=\"\" width=\"185\" height=\"170\" srcset=\"https:\/\/croque-lena.com\/wp-content\/uploads\/2018\/08\/tarteLe\u00cc\u0081gumeEte\u00cc\u0081Grille\u00cc\u008112-300x276.jpg 300w, https:\/\/croque-lena.com\/wp-content\/uploads\/2018\/08\/tarteLe\u00cc\u0081gumeEte\u00cc\u0081Grille\u00cc\u008112-768x706.jpg 768w, https:\/\/croque-lena.com\/wp-content\/uploads\/2018\/08\/tarteLe\u00cc\u0081gumeEte\u00cc\u0081Grille\u00cc\u008112-1024x941.jpg 1024w\" sizes=\"(max-width: 185px) 100vw, 185px\" \/><img decoding=\"async\" loading=\"lazy\" class=\"alignleft wp-image-33\" src=\"http:\/\/croque-lena.com\/wp-content\/uploads\/2018\/08\/MangueMagret87-200x300.jpg\" alt=\"\" width=\"113\" height=\"170\" srcset=\"https:\/\/croque-lena.com\/wp-content\/uploads\/2018\/08\/MangueMagret87-200x300.jpg 200w, https:\/\/croque-lena.com\/wp-content\/uploads\/2018\/08\/MangueMagret87-768x1150.jpg 768w, https:\/\/croque-lena.com\/wp-content\/uploads\/2018\/08\/MangueMagret87-684x1024.jpg 684w\" sizes=\"(max-width: 113px) 100vw, 113px\" \/><img decoding=\"async\" loading=\"lazy\" class=\"alignleft wp-image-243\" src=\"http:\/\/croque-lena.com\/wp-content\/uploads\/2018\/09\/Croque-lena-traiteur_jambon_olivenoire-200x300.jpg\" alt=\"\" width=\"113\" height=\"170\" srcset=\"https:\/\/croque-lena.com\/wp-content\/uploads\/2018\/09\/Croque-lena-traiteur_jambon_olivenoire-200x300.jpg 200w, https:\/\/croque-lena.com\/wp-content\/uploads\/2018\/09\/Croque-lena-traiteur_jambon_olivenoire.jpg 640w\" sizes=\"(max-width: 113px) 100vw, 113px\" \/><\/p>\n","protected":false},"excerpt":{"rendered":"<p>Biscuits ap\u00e9ritifs Cookie abricots secs, ch\u00e8vre et romarin Cookie \u00e0 la tomate s\u00e9ch\u00e9e, au chorizo et au parmesan Croustillant au parmesan et romarin Gressin au fromage et \u00e0 l\u2019origan Mini-madeleine au roquefort Sabl\u00e9 \u00e0 l&#8217;emmental et au thym &nbsp; Feuillet\u00e9s Chausson feuillet\u00e9 (farce olive, \u0153uf, jambon et fromage) Feuillet\u00e9 au pesto Mini bouch\u00e9e feuillet\u00e9e au &hellip; <\/p>\n<p class=\"link-more\"><a href=\"https:\/\/croque-lena.com\/index.php\/page-d-exemple\/\" class=\"more-link\">Read More<span class=\"screen-reader-text\"> \u00ab\u00a0Buffets d&rsquo;\u00e9t\u00e9\u00a0\u00bb<\/span><\/a><\/p>\n","protected":false},"author":1,"featured_media":0,"parent":0,"menu_order":0,"comment_status":"closed","ping_status":"open","template":"","meta":[],"_links":{"self":[{"href":"https:\/\/croque-lena.com\/index.php\/wp-json\/wp\/v2\/pages\/2"}],"collection":[{"href":"https:\/\/croque-lena.com\/index.php\/wp-json\/wp\/v2\/pages"}],"about":[{"href":"https:\/\/croque-lena.com\/index.php\/wp-json\/wp\/v2\/types\/page"}],"author":[{"embeddable":true,"href":"https:\/\/croque-lena.com\/index.php\/wp-json\/wp\/v2\/users\/1"}],"replies":[{"embeddable":true,"href":"https:\/\/croque-lena.com\/index.php\/wp-json\/wp\/v2\/comments?post=2"}],"version-history":[{"count":37,"href":"https:\/\/croque-lena.com\/index.php\/wp-json\/wp\/v2\/pages\/2\/revisions"}],"predecessor-version":[{"id":405,"href":"https:\/\/croque-lena.com\/index.php\/wp-json\/wp\/v2\/pages\/2\/revisions\/405"}],"wp:attachment":[{"href":"https:\/\/croque-lena.com\/index.php\/wp-json\/wp\/v2\/media?parent=2"}],"curies":[{"name":"wp","href":"https:\/\/api.w.org\/{rel}","templated":true}]}}