{"id":10,"date":"2018-08-09T01:24:59","date_gmt":"2018-08-08T23:24:59","guid":{"rendered":"http:\/\/croque-lena.com\/?page_id=10"},"modified":"2019-02-18T14:08:10","modified_gmt":"2019-02-18T13:08:10","slug":"terms","status":"publish","type":"page","link":"https:\/\/croque-lena.com\/index.php\/terms\/","title":{"rendered":"Mentions l\u00e9gales"},"content":{"rendered":"<p>Le pr\u00e9sent site et sa base de donn\u00e9es sont h\u00e9berg\u00e9s sur les serveurs de la soci\u00e9t\u00e9\u00a0:<\/p>\n<p><strong>OVH<\/strong><\/p>\n<p>SAS au capital de 10 000 000 \u20ac<\/p>\n<p>Si\u00e8ge social : 2 rue Kellermann, 59100 Roubaix \u2013 France.<\/p>\n<p>SIRET :\u00a0RCS Roubaix \u2013 Tourcoing 424 761 419 00045<\/p>\n<p>R\u00e9alisation:<\/p>\n<p>Sandra Tavares<\/p>\n<p>Propuls\u00e9 avec wordpress<\/p>\n<p>Th\u00e8me Seos Restaurant<\/p>\n<blockquote class=\"wp-embedded-content\" data-secret=\"f4WaYCeW2e\"><p><a href=\"https:\/\/seosthemes.com\/\">WordPress Themes<\/a><\/p><\/blockquote>\n<p><iframe class=\"wp-embedded-content\" sandbox=\"allow-scripts\" security=\"restricted\" style=\"position: absolute; clip: rect(1px, 1px, 1px, 1px);\" src=\"https:\/\/seosthemes.com\/embed\/#?secret=f4WaYCeW2e\" data-secret=\"f4WaYCeW2e\" width=\"600\" height=\"338\" title=\"&#8220;WordPress Themes&#8221; &#8212; SEOS THEMES\" frameborder=\"0\" marginwidth=\"0\" marginheight=\"0\" scrolling=\"no\"><\/iframe><\/p>\n<p><strong>Cr\u00e9dits photos:<\/strong><\/p>\n<p>Virginie Juston<\/p>\n<p>Vinietup productions<\/p>\n<p>&nbsp;<\/p>\n<p><b>Editeur du Site :<\/b><\/p>\n<p>Croque Lena<\/p>\n<p>Responsable \u00e9ditorial :<\/p>\n<p>Sabrina Fiarda Auto Entrepreneur<\/p>\n<p>Siret: 52835771800048<\/p>\n<p>T\u00e9l\u00e9phone :\u00a006 61 48 83 84<\/p>\n<p>mail : croquelena@gmail.com<\/p>\n<p>Site Web : <a href=\"http:\/\/croque-lena.com\">http:\/\/croque-lena.com<\/a><\/p>\n<p>&nbsp;<\/p>\n<p><b>Propri\u00e9t\u00e9 intellectuelle :<\/b><\/p>\n<p>Tout le contenu du pr\u00e9sent site\u00a0 <a href=\"http:\/\/croque-lena.com\">http:\/\/croque-lena.com<\/a>\/, incluant, de fa\u00e7on non limitative, les graphismes, images, textes, vid\u00e9os, animations, sons, logos, gifs et ic\u00f4nes ainsi que leur mise en forme sont la propri\u00e9t\u00e9 exclusive de la soci\u00e9t\u00e9 \u00e0 l\u2019exception des marques, logos ou contenus appartenant \u00e0 d\u2019autres soci\u00e9t\u00e9s partenaires ou auteurs.<\/p>\n<p><b>Limitation contractuelles sur les donn\u00e9es :<\/b><\/p>\n<p>Les informations contenues sur ce site sont aussi pr\u00e9cises que possible et le site remis \u00e0 jour \u00e0 diff\u00e9rentes p\u00e9riodes de l\u2019ann\u00e9e, mais peut toutefois contenir des inexactitudes ou des omissions. Si vous constatez une lacune, erreur ou ce qui parait \u00eatre un dysfonctionnement, merci de bien vouloir le signaler par email, \u00e0 l\u2019adresse croquelena@gmail.com<\/p>\n<p>Tout contenu t\u00e9l\u00e9charg\u00e9 se fait aux risques et p\u00e9rils de l\u2019utilisateur et sous sa seule responsabilit\u00e9. En cons\u00e9quence, ne saurait \u00eatre tenu responsable d\u2019un quelconque dommage subi par l\u2019ordinateur de l\u2019utilisateur ou d\u2019une quelconque perte de donn\u00e9es cons\u00e9cutives au t\u00e9l\u00e9chargement.<\/p>\n<p>Les liens hypertextes mis en place dans le cadre du pr\u00e9sent site internet en direction d\u2019autres ressources pr\u00e9sentes sur le r\u00e9seau Internet ne sauraient engager la responsabilit\u00e9 de <strong>Croque Lena<\/strong>.<\/p>\n<p>&#8230;<\/p>\n","protected":false},"excerpt":{"rendered":"<p>Le pr\u00e9sent site et sa base de donn\u00e9es sont h\u00e9berg\u00e9s sur les serveurs de la soci\u00e9t\u00e9\u00a0: OVH SAS au capital de 10 000 000 \u20ac Si\u00e8ge social : 2 rue Kellermann, 59100 Roubaix \u2013 France. SIRET :\u00a0RCS Roubaix \u2013 Tourcoing 424 761 419 00045 R\u00e9alisation: Sandra Tavares Propuls\u00e9 avec wordpress Th\u00e8me Seos Restaurant WordPress Themes &hellip; <\/p>\n<p class=\"link-more\"><a href=\"https:\/\/croque-lena.com\/index.php\/terms\/\" class=\"more-link\">Read More<span class=\"screen-reader-text\"> \u00ab\u00a0Mentions l\u00e9gales\u00a0\u00bb<\/span><\/a><\/p>\n","protected":false},"author":1,"featured_media":0,"parent":0,"menu_order":0,"comment_status":"closed","ping_status":"closed","template":"","meta":[],"_links":{"self":[{"href":"https:\/\/croque-lena.com\/index.php\/wp-json\/wp\/v2\/pages\/10"}],"collection":[{"href":"https:\/\/croque-lena.com\/index.php\/wp-json\/wp\/v2\/pages"}],"about":[{"href":"https:\/\/croque-lena.com\/index.php\/wp-json\/wp\/v2\/types\/page"}],"author":[{"embeddable":true,"href":"https:\/\/croque-lena.com\/index.php\/wp-json\/wp\/v2\/users\/1"}],"replies":[{"embeddable":true,"href":"https:\/\/croque-lena.com\/index.php\/wp-json\/wp\/v2\/comments?post=10"}],"version-history":[{"count":13,"href":"https:\/\/croque-lena.com\/index.php\/wp-json\/wp\/v2\/pages\/10\/revisions"}],"predecessor-version":[{"id":401,"href":"https:\/\/croque-lena.com\/index.php\/wp-json\/wp\/v2\/pages\/10\/revisions\/401"}],"wp:attachment":[{"href":"https:\/\/croque-lena.com\/index.php\/wp-json\/wp\/v2\/media?parent=10"}],"curies":[{"name":"wp","href":"https:\/\/api.w.org\/{rel}","templated":true}]}}